{"id":341,"date":"2023-11-25T21:51:16","date_gmt":"2023-11-25T20:51:16","guid":{"rendered":"https:\/\/ivv.autos\/fr\/?post_type=product&#038;p=341"},"modified":"2023-11-29T21:35:55","modified_gmt":"2023-11-29T20:35:55","slug":"pack-ivv-10k","status":"publish","type":"product","link":"https:\/\/ivv.autos\/fr\/produit\/pack-ivv-10k\/","title":{"rendered":"Pack IVV 10K"},"content":{"rendered":"<p>10 000 inspections disponibles parce que vous avez un volume important de v\u00e9hicules entrant et sortant et que vous ne voulez manquer aucune inspection.<\/p>\n<p>Avec IVV-Inspection Visuelle de V\u00e9hicule vous avez la garantie de :<\/p>\n<ul>\n<li>\u00c9conomiser sur les co\u00fbts li\u00e9s aux r\u00e9parations indues<\/li>\n<li>\u00c9viter tout conflit avec vos clients.<\/li>\n<li>Leur donner une image de modernit\u00e9 et de s\u00e9rieux.<\/li>\n<\/ul>\n<p>Le retour sur investissent s&rsquo;op\u00e8re d\u00e8s les premi\u00e8res r\u00e9clamations \u00e9vit\u00e9es gr\u00e2ce \u00e0 IVV-Inspection Visuelle de V\u00e9hicules.<\/p>\n<p>Votre client re\u00e7oit toujours un mail avec un lien vers la page de consultation d&rsquo;inspection. Vous pouvez \u00e9galement choisir l&rsquo;option d&rsquo;envoyer le lien par SMS pour un petit suppl\u00e9ment.<\/p>\n<p>Le Pack d&rsquo;inspections offre une flexibilit\u00e9 totale. Vous pouvez les utiliser pour les inspections initiales et \u00e9galement pour les inspections finales. Une solution compl\u00e8te pour garantir la qualit\u00e9 de chaque service.<\/p>\n","protected":false},"excerpt":{"rendered":"<p>10 000 inspections disponibles pour un volume important de v\u00e9hicules entrant et sortant et sans manquer aucune inspection<\/p>\n","protected":false},"featured_media":115,"comment_status":"open","ping_status":"closed","template":"","meta":[],"product_brand":[],"product_cat":[16],"product_tag":[17],"class_list":{"0":"post-341","1":"product","2":"type-product","3":"status-publish","4":"has-post-thumbnail","6":"product_cat-pack","7":"product_tag-pack","9":"first","10":"instock","11":"sale","12":"virtual","13":"taxable","14":"purchasable","15":"product-type-simple"},"yoast_head":"<!-- This site is optimized with the Yoast SEO plugin v27.4 - https:\/\/yoast.com\/product\/yoast-seo-wordpress\/ -->\n<title>Pack IVV 10K - IVV France<\/title>\n<meta name=\"robots\" content=\"index, follow, max-snippet:-1, max-image-preview:large, max-video-preview:-1\" \/>\n<link rel=\"canonical\" href=\"https:\/\/ivv.autos\/fr\/produit\/pack-ivv-10k\/\" \/>\n<meta property=\"og:locale\" content=\"fr_FR\" \/>\n<meta property=\"og:type\" content=\"article\" \/>\n<meta property=\"og:title\" content=\"Pack IVV 10K - IVV France\" \/>\n<meta property=\"og:description\" content=\"10 000 inspections disponibles pour un volume important de v\u00e9hicules entrant et sortant et sans manquer aucune inspection\" \/>\n<meta property=\"og:url\" content=\"https:\/\/ivv.autos\/fr\/produit\/pack-ivv-10k\/\" \/>\n<meta property=\"og:site_name\" content=\"IVV France\" \/>\n<meta property=\"article:publisher\" content=\"https:\/\/www.facebook.com\/IVV.FR\" \/>\n<meta property=\"article:modified_time\" content=\"2023-11-29T20:35:55+00:00\" \/>\n<meta property=\"og:image\" content=\"https:\/\/ivv.autos\/fr\/wp-content\/uploads\/2023\/11\/IVV-Tablet.jpg\" \/>\n\t<meta property=\"og:image:width\" content=\"800\" \/>\n\t<meta property=\"og:image:height\" content=\"815\" \/>\n\t<meta property=\"og:image:type\" content=\"image\/jpeg\" \/>\n<meta name=\"twitter:card\" content=\"summary_large_image\" \/>\n<meta name=\"twitter:site\" content=\"@IvvFr\" \/>\n<meta name=\"twitter:label1\" content=\"Dur\u00e9e de lecture estim\u00e9e\" \/>\n\t<meta name=\"twitter:data1\" content=\"1 minute\" \/>\n<script type=\"application\/ld+json\" class=\"yoast-schema-graph\">{\"@context\":\"https:\\\/\\\/schema.org\",\"@graph\":[{\"@type\":\"WebPage\",\"@id\":\"https:\\\/\\\/ivv.autos\\\/fr\\\/produit\\\/pack-ivv-10k\\\/\",\"url\":\"https:\\\/\\\/ivv.autos\\\/fr\\\/produit\\\/pack-ivv-10k\\\/\",\"name\":\"Pack IVV 10K - IVV France\",\"isPartOf\":{\"@id\":\"https:\\\/\\\/ivv.autos\\\/fr\\\/#website\"},\"primaryImageOfPage\":{\"@id\":\"https:\\\/\\\/ivv.autos\\\/fr\\\/produit\\\/pack-ivv-10k\\\/#primaryimage\"},\"image\":{\"@id\":\"https:\\\/\\\/ivv.autos\\\/fr\\\/produit\\\/pack-ivv-10k\\\/#primaryimage\"},\"thumbnailUrl\":\"https:\\\/\\\/ivv.autos\\\/fr\\\/wp-content\\\/uploads\\\/2023\\\/11\\\/IVV-Tablet.jpg\",\"datePublished\":\"2023-11-25T20:51:16+00:00\",\"dateModified\":\"2023-11-29T20:35:55+00:00\",\"breadcrumb\":{\"@id\":\"https:\\\/\\\/ivv.autos\\\/fr\\\/produit\\\/pack-ivv-10k\\\/#breadcrumb\"},\"inLanguage\":\"fr-FR\",\"potentialAction\":[{\"@type\":\"ReadAction\",\"target\":[\"https:\\\/\\\/ivv.autos\\\/fr\\\/produit\\\/pack-ivv-10k\\\/\"]}]},{\"@type\":\"ImageObject\",\"inLanguage\":\"fr-FR\",\"@id\":\"https:\\\/\\\/ivv.autos\\\/fr\\\/produit\\\/pack-ivv-10k\\\/#primaryimage\",\"url\":\"https:\\\/\\\/ivv.autos\\\/fr\\\/wp-content\\\/uploads\\\/2023\\\/11\\\/IVV-Tablet.jpg\",\"contentUrl\":\"https:\\\/\\\/ivv.autos\\\/fr\\\/wp-content\\\/uploads\\\/2023\\\/11\\\/IVV-Tablet.jpg\",\"width\":800,\"height\":815,\"caption\":\"Inspection Visuelle de V\u00e9hicule\"},{\"@type\":\"BreadcrumbList\",\"@id\":\"https:\\\/\\\/ivv.autos\\\/fr\\\/produit\\\/pack-ivv-10k\\\/#breadcrumb\",\"itemListElement\":[{\"@type\":\"ListItem\",\"position\":1,\"name\":\"Home\",\"item\":\"https:\\\/\\\/ivv.autos\\\/fr\\\/\"},{\"@type\":\"ListItem\",\"position\":2,\"name\":\"Boutique\",\"item\":\"https:\\\/\\\/ivv.autos\\\/fr\\\/boutique\\\/\"},{\"@type\":\"ListItem\",\"position\":3,\"name\":\"Pack IVV 10K\"}]},{\"@type\":\"WebSite\",\"@id\":\"https:\\\/\\\/ivv.autos\\\/fr\\\/#website\",\"url\":\"https:\\\/\\\/ivv.autos\\\/fr\\\/\",\"name\":\"IVV Inspection Visuelle de Vehicule France\",\"description\":\"Photos de v\u00e9hicules pour garage, centre de r\u00e9paration, loueur, taxi\",\"publisher\":{\"@id\":\"https:\\\/\\\/ivv.autos\\\/fr\\\/#organization\"},\"potentialAction\":[{\"@type\":\"SearchAction\",\"target\":{\"@type\":\"EntryPoint\",\"urlTemplate\":\"https:\\\/\\\/ivv.autos\\\/fr\\\/?s={search_term_string}\"},\"query-input\":{\"@type\":\"PropertyValueSpecification\",\"valueRequired\":true,\"valueName\":\"search_term_string\"}}],\"inLanguage\":\"fr-FR\"},{\"@type\":\"Organization\",\"@id\":\"https:\\\/\\\/ivv.autos\\\/fr\\\/#organization\",\"name\":\"IVV Inspection Visuelle de Vehicule France\",\"url\":\"https:\\\/\\\/ivv.autos\\\/fr\\\/\",\"logo\":{\"@type\":\"ImageObject\",\"inLanguage\":\"fr-FR\",\"@id\":\"https:\\\/\\\/ivv.autos\\\/fr\\\/#\\\/schema\\\/logo\\\/image\\\/\",\"url\":\"https:\\\/\\\/ivv.autos\\\/fr\\\/wp-content\\\/uploads\\\/2023\\\/11\\\/LogoIvvFR.png\",\"contentUrl\":\"https:\\\/\\\/ivv.autos\\\/fr\\\/wp-content\\\/uploads\\\/2023\\\/11\\\/LogoIvvFR.png\",\"width\":350,\"height\":90,\"caption\":\"IVV Inspection Visuelle de Vehicule France\"},\"image\":{\"@id\":\"https:\\\/\\\/ivv.autos\\\/fr\\\/#\\\/schema\\\/logo\\\/image\\\/\"},\"sameAs\":[\"https:\\\/\\\/www.facebook.com\\\/IVV.FR\",\"https:\\\/\\\/x.com\\\/IvvFr\",\"https:\\\/\\\/www.linkedin.com\\\/company\\\/Ecaldima\"]}]}<\/script>\n<!-- \/ Yoast SEO plugin. -->","yoast_head_json":{"title":"Pack IVV 10K - IVV France","robots":{"index":"index","follow":"follow","max-snippet":"max-snippet:-1","max-image-preview":"max-image-preview:large","max-video-preview":"max-video-preview:-1"},"canonical":"https:\/\/ivv.autos\/fr\/produit\/pack-ivv-10k\/","og_locale":"fr_FR","og_type":"article","og_title":"Pack IVV 10K - IVV France","og_description":"10 000 inspections disponibles pour un volume important de v\u00e9hicules entrant et sortant et sans manquer aucune inspection","og_url":"https:\/\/ivv.autos\/fr\/produit\/pack-ivv-10k\/","og_site_name":"IVV France","article_publisher":"https:\/\/www.facebook.com\/IVV.FR","article_modified_time":"2023-11-29T20:35:55+00:00","og_image":[{"width":800,"height":815,"url":"https:\/\/ivv.autos\/fr\/wp-content\/uploads\/2023\/11\/IVV-Tablet.jpg","type":"image\/jpeg"}],"twitter_card":"summary_large_image","twitter_site":"@IvvFr","twitter_misc":{"Dur\u00e9e de lecture estim\u00e9e":"1 minute"},"schema":{"@context":"https:\/\/schema.org","@graph":[{"@type":"WebPage","@id":"https:\/\/ivv.autos\/fr\/produit\/pack-ivv-10k\/","url":"https:\/\/ivv.autos\/fr\/produit\/pack-ivv-10k\/","name":"Pack IVV 10K - IVV France","isPartOf":{"@id":"https:\/\/ivv.autos\/fr\/#website"},"primaryImageOfPage":{"@id":"https:\/\/ivv.autos\/fr\/produit\/pack-ivv-10k\/#primaryimage"},"image":{"@id":"https:\/\/ivv.autos\/fr\/produit\/pack-ivv-10k\/#primaryimage"},"thumbnailUrl":"https:\/\/ivv.autos\/fr\/wp-content\/uploads\/2023\/11\/IVV-Tablet.jpg","datePublished":"2023-11-25T20:51:16+00:00","dateModified":"2023-11-29T20:35:55+00:00","breadcrumb":{"@id":"https:\/\/ivv.autos\/fr\/produit\/pack-ivv-10k\/#breadcrumb"},"inLanguage":"fr-FR","potentialAction":[{"@type":"ReadAction","target":["https:\/\/ivv.autos\/fr\/produit\/pack-ivv-10k\/"]}]},{"@type":"ImageObject","inLanguage":"fr-FR","@id":"https:\/\/ivv.autos\/fr\/produit\/pack-ivv-10k\/#primaryimage","url":"https:\/\/ivv.autos\/fr\/wp-content\/uploads\/2023\/11\/IVV-Tablet.jpg","contentUrl":"https:\/\/ivv.autos\/fr\/wp-content\/uploads\/2023\/11\/IVV-Tablet.jpg","width":800,"height":815,"caption":"Inspection Visuelle de V\u00e9hicule"},{"@type":"BreadcrumbList","@id":"https:\/\/ivv.autos\/fr\/produit\/pack-ivv-10k\/#breadcrumb","itemListElement":[{"@type":"ListItem","position":1,"name":"Home","item":"https:\/\/ivv.autos\/fr\/"},{"@type":"ListItem","position":2,"name":"Boutique","item":"https:\/\/ivv.autos\/fr\/boutique\/"},{"@type":"ListItem","position":3,"name":"Pack IVV 10K"}]},{"@type":"WebSite","@id":"https:\/\/ivv.autos\/fr\/#website","url":"https:\/\/ivv.autos\/fr\/","name":"IVV Inspection Visuelle de Vehicule France","description":"Photos de v\u00e9hicules pour garage, centre de r\u00e9paration, loueur, taxi","publisher":{"@id":"https:\/\/ivv.autos\/fr\/#organization"},"potentialAction":[{"@type":"SearchAction","target":{"@type":"EntryPoint","urlTemplate":"https:\/\/ivv.autos\/fr\/?s={search_term_string}"},"query-input":{"@type":"PropertyValueSpecification","valueRequired":true,"valueName":"search_term_string"}}],"inLanguage":"fr-FR"},{"@type":"Organization","@id":"https:\/\/ivv.autos\/fr\/#organization","name":"IVV Inspection Visuelle de Vehicule France","url":"https:\/\/ivv.autos\/fr\/","logo":{"@type":"ImageObject","inLanguage":"fr-FR","@id":"https:\/\/ivv.autos\/fr\/#\/schema\/logo\/image\/","url":"https:\/\/ivv.autos\/fr\/wp-content\/uploads\/2023\/11\/LogoIvvFR.png","contentUrl":"https:\/\/ivv.autos\/fr\/wp-content\/uploads\/2023\/11\/LogoIvvFR.png","width":350,"height":90,"caption":"IVV Inspection Visuelle de Vehicule France"},"image":{"@id":"https:\/\/ivv.autos\/fr\/#\/schema\/logo\/image\/"},"sameAs":["https:\/\/www.facebook.com\/IVV.FR","https:\/\/x.com\/IvvFr","https:\/\/www.linkedin.com\/company\/Ecaldima"]}]}},"_links":{"self":[{"href":"https:\/\/ivv.autos\/fr\/wp-json\/wp\/v2\/product\/341","targetHints":{"allow":["GET"]}}],"collection":[{"href":"https:\/\/ivv.autos\/fr\/wp-json\/wp\/v2\/product"}],"about":[{"href":"https:\/\/ivv.autos\/fr\/wp-json\/wp\/v2\/types\/product"}],"replies":[{"embeddable":true,"href":"https:\/\/ivv.autos\/fr\/wp-json\/wp\/v2\/comments?post=341"}],"wp:featuredmedia":[{"embeddable":true,"href":"https:\/\/ivv.autos\/fr\/wp-json\/wp\/v2\/media\/115"}],"wp:attachment":[{"href":"https:\/\/ivv.autos\/fr\/wp-json\/wp\/v2\/media?parent=341"}],"wp:term":[{"taxonomy":"product_brand","embeddable":true,"href":"https:\/\/ivv.autos\/fr\/wp-json\/wp\/v2\/product_brand?post=341"},{"taxonomy":"product_cat","embeddable":true,"href":"https:\/\/ivv.autos\/fr\/wp-json\/wp\/v2\/product_cat?post=341"},{"taxonomy":"product_tag","embeddable":true,"href":"https:\/\/ivv.autos\/fr\/wp-json\/wp\/v2\/product_tag?post=341"}],"curies":[{"name":"wp","href":"https:\/\/api.w.org\/{rel}","templated":true}]}}