{"id":43,"date":"2023-11-29T09:26:41","date_gmt":"2023-11-29T08:26:41","guid":{"rendered":"https:\/\/ivv.autos\/es\/?post_type=product&#038;p=43"},"modified":"2023-11-29T13:04:13","modified_gmt":"2023-11-29T12:04:13","slug":"ivv-prueba-gratis","status":"publish","type":"product","link":"https:\/\/ivv.autos\/es\/producto\/ivv-prueba-gratis\/","title":{"rendered":"IVV Prueba gratis"},"content":{"rendered":"<p>20 inspecciones para probar IVV-Inspecci\u00f3n Visual de Veh\u00edculo sin compromiso y sin limitaciones.<\/p>\n<p>Descubre toda lo potencia de IVV-Inspecci\u00f3n Visual de Veh\u00edculo.<\/p>\n<ul>\n<li>Ah\u00f3rrate costes por reparaciones indebidas.<\/li>\n<li>Evita cualquier conflicto con tus clientes.<\/li>\n<li>Dales una imagen de modernidad y seriedad.<\/li>\n<\/ul>\n<p>Si te pasas a un Pack, recuerda que tu inversi\u00f3n se recupera desde la primera reclamaci\u00f3n que habr\u00e1s evitado gracias a IVV-Inspecci\u00f3n Visual de Veh\u00edculos<\/p>\n<p>Tu cliente recibe un correo electr\u00f3nico con un enlace a la p\u00e1gina de consulta de la inspecci\u00f3n. Puedes elegir tambi\u00e9n la opci\u00f3n del env\u00edo del enlace por SMS si est\u00e1s en Europa o por WhatsApp si est\u00e1s en Am\u00e9rica Latina.<\/p>\n<p>El Pack de Inspecciones ofrece total flexibilidad. Puedes utilizarlas para inspecciones iniciales y, tambi\u00e9n para inspecciones finales. Una soluci\u00f3n integral para asegurar la calidad en cada servicio.<\/p>\n","protected":false},"excerpt":{"rendered":"<p>20 inspecciones para probar IVV-Inspecci\u00f3n Visual de Veh\u00edculo sin compromiso y sin limitaciones.<\/p>\n<p>\u00a1Pru\u00e9balo! \u00a1Es gratis*!<\/p>\n","protected":false},"featured_media":60,"comment_status":"open","ping_status":"closed","template":"","meta":[],"product_brand":[],"product_cat":[16],"product_tag":[],"class_list":{"0":"post-43","1":"product","2":"type-product","3":"status-publish","4":"has-post-thumbnail","6":"product_cat-pack","8":"first","9":"instock","10":"virtual","11":"taxable","12":"purchasable","13":"product-type-simple"},"_links":{"self":[{"href":"https:\/\/ivv.autos\/es\/wp-json\/wp\/v2\/product\/43","targetHints":{"allow":["GET"]}}],"collection":[{"href":"https:\/\/ivv.autos\/es\/wp-json\/wp\/v2\/product"}],"about":[{"href":"https:\/\/ivv.autos\/es\/wp-json\/wp\/v2\/types\/product"}],"replies":[{"embeddable":true,"href":"https:\/\/ivv.autos\/es\/wp-json\/wp\/v2\/comments?post=43"}],"wp:featuredmedia":[{"embeddable":true,"href":"https:\/\/ivv.autos\/es\/wp-json\/wp\/v2\/media\/60"}],"wp:attachment":[{"href":"https:\/\/ivv.autos\/es\/wp-json\/wp\/v2\/media?parent=43"}],"wp:term":[{"taxonomy":"product_brand","embeddable":true,"href":"https:\/\/ivv.autos\/es\/wp-json\/wp\/v2\/product_brand?post=43"},{"taxonomy":"product_cat","embeddable":true,"href":"https:\/\/ivv.autos\/es\/wp-json\/wp\/v2\/product_cat?post=43"},{"taxonomy":"product_tag","embeddable":true,"href":"https:\/\/ivv.autos\/es\/wp-json\/wp\/v2\/product_tag?post=43"}],"curies":[{"name":"wp","href":"https:\/\/api.w.org\/{rel}","templated":true}]}}