{"id":39,"date":"2023-11-29T09:26:40","date_gmt":"2023-11-29T08:26:40","guid":{"rendered":"https:\/\/ivv.autos\/es\/?post_type=product&#038;p=39"},"modified":"2024-10-11T10:47:32","modified_gmt":"2024-10-11T08:47:32","slug":"ivv-pack-10k","status":"publish","type":"product","link":"https:\/\/ivv.autos\/es\/producto\/ivv-pack-10k\/","title":{"rendered":"IVV Pack 10K"},"content":{"rendered":"<p>El <strong>IVV Pack 10K<\/strong> est\u00e1 dise\u00f1ado para grandes operaciones con un alto volumen de veh\u00edculos. Con 10.000 inspecciones disponibles, podr\u00e1s controlar de manera efectiva el estado de cada veh\u00edculo, asegurando que todos los detalles se documenten de manera precisa. Este pack es ideal para quienes gestionan m\u00faltiples veh\u00edculos diariamente y necesitan una soluci\u00f3n confiable que les permita evitar errores y problemas. Mant\u00e9n un control visual continuo y optimiza la gesti\u00f3n de tus veh\u00edculos con IVV.<\/p>\n<p>Con IVV Inspecci\u00f3n Visual de Veh\u00edculo tienes la garant\u00eda de:<\/p>\n<ul>\n<li>Ahorrarte costes por reparaciones indebidas.<\/li>\n<li>Evitar cualquier conflicto con tus clientes.<\/li>\n<li>Darles una imagen de modernidad y seriedad.<\/li>\n<\/ul>\n<p>Tu inversi\u00f3n se recupera desde las primeras reclamaciones que habr\u00e1s evitado gracias a IVV Inspecci\u00f3n Visual de Veh\u00edculos.<\/p>\n<p>Aprovecha al m\u00e1ximo tus recursos y mejora la eficiencia de tus inspecciones con el IVV Pack 10K. \u00a1Descubre c\u00f3mo IVV puede facilitar tu gesti\u00f3n!<\/p>\n<p>&nbsp;<\/p>\n<p>&nbsp;<\/p>\n<p>&nbsp;<\/p>\n","protected":false},"excerpt":{"rendered":"<p>10.000 inspecciones pensadas para grandes operaciones. Perfecto para quienes manejan un volumen elevado de veh\u00edculos y necesitan documentar cada detalle de manera efectiva, asegurando un seguimiento visual completo.<\/p>\n","protected":false},"featured_media":60,"comment_status":"open","ping_status":"closed","template":"","meta":[],"product_brand":[],"product_cat":[16],"product_tag":[22],"class_list":{"0":"post-39","1":"product","2":"type-product","3":"status-publish","4":"has-post-thumbnail","6":"product_cat-pack","7":"product_tag-pack","9":"first","10":"instock","11":"sale","12":"virtual","13":"taxable","14":"purchasable","15":"product-type-simple"},"_links":{"self":[{"href":"https:\/\/ivv.autos\/es\/wp-json\/wp\/v2\/product\/39","targetHints":{"allow":["GET"]}}],"collection":[{"href":"https:\/\/ivv.autos\/es\/wp-json\/wp\/v2\/product"}],"about":[{"href":"https:\/\/ivv.autos\/es\/wp-json\/wp\/v2\/types\/product"}],"replies":[{"embeddable":true,"href":"https:\/\/ivv.autos\/es\/wp-json\/wp\/v2\/comments?post=39"}],"wp:featuredmedia":[{"embeddable":true,"href":"https:\/\/ivv.autos\/es\/wp-json\/wp\/v2\/media\/60"}],"wp:attachment":[{"href":"https:\/\/ivv.autos\/es\/wp-json\/wp\/v2\/media?parent=39"}],"wp:term":[{"taxonomy":"product_brand","embeddable":true,"href":"https:\/\/ivv.autos\/es\/wp-json\/wp\/v2\/product_brand?post=39"},{"taxonomy":"product_cat","embeddable":true,"href":"https:\/\/ivv.autos\/es\/wp-json\/wp\/v2\/product_cat?post=39"},{"taxonomy":"product_tag","embeddable":true,"href":"https:\/\/ivv.autos\/es\/wp-json\/wp\/v2\/product_tag?post=39"}],"curies":[{"name":"wp","href":"https:\/\/api.w.org\/{rel}","templated":true}]}}