{"id":1070,"date":"2023-12-31T15:53:32","date_gmt":"2023-12-31T14:53:32","guid":{"rendered":"https:\/\/webdev.ivv.autos\/?page_id=1070"},"modified":"2024-10-11T09:57:31","modified_gmt":"2024-10-11T07:57:31","slug":"noticias","status":"publish","type":"page","link":"https:\/\/ivv.autos\/es\/noticias\/","title":{"rendered":"Noticias"},"content":{"rendered":"\t\t<div data-elementor-type=\"wp-page\" data-elementor-id=\"1070\" class=\"elementor elementor-1070\" data-elementor-post-type=\"page\">\n\t\t\t\t<div class=\"elementor-element elementor-element-e85c5f7 e-flex e-con-boxed e-con e-parent\" data-id=\"e85c5f7\" data-element_type=\"container\" data-e-type=\"container\">\n\t\t\t\t\t<div class=\"e-con-inner\">\n\t\t\t\t<div class=\"elementor-element elementor-element-b5d51c1 elementor-widget elementor-widget-posts\" data-id=\"b5d51c1\" data-element_type=\"widget\" data-e-type=\"widget\" data-settings=\"{&quot;full_content_row_gap&quot;:{&quot;unit&quot;:&quot;px&quot;,&quot;size&quot;:35,&quot;sizes&quot;:[]}}\" data-widget_type=\"posts.full_content\">\n\t\t\t\t<div class=\"elementor-widget-container\">\n\t\t\t\t\t\t\t<div class=\"elementor-posts-container elementor-posts elementor-posts--skin-full_content elementor-grid\" role=\"list\">\n\t\t\t\t<article class=\"elementor-post elementor-grid-item post-1398 post type-post status-publish format-standard hentry category-actualizacion\" role=\"listitem\">\n\t\t\t\t<div class=\"elementor-post__text\">\n\t\t\t\t<h3 class=\"elementor-post__title\">\n\t\t\t<a href=\"https:\/\/ivv.autos\/es\/actualizacion-15-10-2024\/\" >\n\t\t\t\tActualizaci\u00f3n 15\/10\/2024\t\t\t<\/a>\n\t\t<\/h3>\n\t\t<div class=\"elementor-post__content\"><style>.elementor-1398 .elementor-element.elementor-element-83900e0{--display:flex;--flex-direction:column;--container-widget-width:100%;--container-widget-height:initial;--container-widget-flex-grow:0;--container-widget-align-self:initial;--flex-wrap-mobile:wrap;}.elementor-widget-text-editor{font-family:var( --e-global-typography-text-font-family ), Sans-serif;font-weight:var( --e-global-typography-text-font-weight );color:var( --e-global-color-text );}.elementor-widget-text-editor.elementor-drop-cap-view-stacked .elementor-drop-cap{background-color:var( --e-global-color-primary );}.elementor-widget-text-editor.elementor-drop-cap-view-framed .elementor-drop-cap, .elementor-widget-text-editor.elementor-drop-cap-view-default .elementor-drop-cap{color:var( --e-global-color-primary );border-color:var( --e-global-color-primary );}<\/style>\t\t<div data-elementor-type=\"wp-post\" data-elementor-id=\"1398\" class=\"elementor elementor-1398\" data-elementor-post-type=\"post\">\n\t\t\t\t<div class=\"elementor-element elementor-element-83900e0 e-flex e-con-boxed e-con e-parent\" data-id=\"83900e0\" data-element_type=\"container\" data-e-type=\"container\">\n\t\t\t\t\t<div class=\"e-con-inner\">\n\t\t\t\t<div class=\"elementor-element elementor-element-9ca53e1 elementor-widget elementor-widget-text-editor\" data-id=\"9ca53e1\" data-element_type=\"widget\" data-e-type=\"widget\" data-widget_type=\"text-editor.default\">\n\t\t\t\t<div class=\"elementor-widget-container\">\n\t\t\t\t\t\t\t\t\t<p><strong>Esta nueva actualizaci\u00f3n facilita la entrada de datos y el uso de la app, limitando manipulaciones.<\/strong><\/p><p><span class=\"ui-provider a b c d e f g h i j k l m n o p q r s t u v w x y z ab ac ae af ag ah ai aj ak\" dir=\"ltr\">Incluye las siguientes mejoras:<\/span><\/p><ul><li><strong>Tipo de inspecci\u00f3n predeterminado<\/strong>: Permite seleccionar un tipo de inspecci\u00f3n que se aplicar\u00e1 por defecto al crear nuevas inspecciones.<\/li><li><strong>Correo predeterminado de env\u00edo de la inspecci\u00f3n<\/strong>: Configura una direcci\u00f3n de correo predeterminada a la que se enviar\u00e1n autom\u00e1ticamente los informes de inspecci\u00f3n.<\/li><\/ul>\t\t\t\t\t\t\t\t<\/div>\n\t\t\t\t<\/div>\n\t\t\t\t\t<\/div>\n\t\t\t\t<\/div>\n\t\t\t\t<\/div>\n\t\t<\/div>\t\t<\/div>\n\t\t\t\t<\/article>\n\t\t\t\t<article class=\"elementor-post elementor-grid-item post-1331 post type-post status-publish format-standard hentry category-actualizacion\" role=\"listitem\">\n\t\t\t\t<div class=\"elementor-post__text\">\n\t\t\t\t<h3 class=\"elementor-post__title\">\n\t\t\t<a href=\"https:\/\/ivv.autos\/es\/actualizacion-12-05-2024\/\" >\n\t\t\t\tActualizaci\u00f3n 12\/05\/2024\t\t\t<\/a>\n\t\t<\/h3>\n\t\t<div class=\"elementor-post__content\"><style>.elementor-1331 .elementor-element.elementor-element-0c85745{--display:flex;--flex-direction:column;--container-widget-width:100%;--container-widget-height:initial;--container-widget-flex-grow:0;--container-widget-align-self:initial;--flex-wrap-mobile:wrap;}.elementor-widget-text-editor{font-family:var( --e-global-typography-text-font-family ), Sans-serif;font-weight:var( --e-global-typography-text-font-weight );color:var( --e-global-color-text );}.elementor-widget-text-editor.elementor-drop-cap-view-stacked .elementor-drop-cap{background-color:var( --e-global-color-primary );}.elementor-widget-text-editor.elementor-drop-cap-view-framed .elementor-drop-cap, .elementor-widget-text-editor.elementor-drop-cap-view-default .elementor-drop-cap{color:var( --e-global-color-primary );border-color:var( --e-global-color-primary );}<\/style>\t\t<div data-elementor-type=\"wp-post\" data-elementor-id=\"1331\" class=\"elementor elementor-1331\" data-elementor-post-type=\"post\">\n\t\t\t\t<div class=\"elementor-element elementor-element-0c85745 e-flex e-con-boxed e-con e-parent\" data-id=\"0c85745\" data-element_type=\"container\" data-e-type=\"container\">\n\t\t\t\t\t<div class=\"e-con-inner\">\n\t\t\t\t<div class=\"elementor-element elementor-element-e57cc7b elementor-widget elementor-widget-text-editor\" data-id=\"e57cc7b\" data-element_type=\"widget\" data-e-type=\"widget\" data-widget_type=\"text-editor.default\">\n\t\t\t\t<div class=\"elementor-widget-container\">\n\t\t\t\t\t\t\t\t\t<p><b>Selecci\u00f3n del tipo de veh\u00edculo y mejoras en la gesti\u00f3n de las ubicaciones<\/b><\/p><ul><li>Desde la secci\u00f3n de Par\u00e1metros aparecen nuevos tipos de veh\u00edculos y la posibilidad de seleccionar el veh\u00edculo predeterminado.<\/li><li>Esa selecci\u00f3n est\u00e1 disponible tambi\u00e9n por cada ubicaci\u00f3n<\/li><\/ul>\t\t\t\t\t\t\t\t<\/div>\n\t\t\t\t<\/div>\n\t\t\t\t\t<\/div>\n\t\t\t\t<\/div>\n\t\t\t\t<\/div>\n\t\t<\/div>\t\t<\/div>\n\t\t\t\t<\/article>\n\t\t\t\t<article class=\"elementor-post elementor-grid-item post-1337 post type-post status-publish format-standard hentry category-actualizacion\" role=\"listitem\">\n\t\t\t\t<div class=\"elementor-post__text\">\n\t\t\t\t<h3 class=\"elementor-post__title\">\n\t\t\t<a href=\"https:\/\/ivv.autos\/es\/actualizacion-26-09-2024\/\" >\n\t\t\t\tActualizaci\u00f3n 26\/09\/2024\t\t\t<\/a>\n\t\t<\/h3>\n\t\t<div class=\"elementor-post__content\"><style>.elementor-1337 .elementor-element.elementor-element-9ee2da5{--display:flex;--flex-direction:column;--container-widget-width:100%;--container-widget-height:initial;--container-widget-flex-grow:0;--container-widget-align-self:initial;--flex-wrap-mobile:wrap;}.elementor-widget-text-editor{font-family:var( --e-global-typography-text-font-family ), Sans-serif;font-weight:var( --e-global-typography-text-font-weight );color:var( --e-global-color-text );}.elementor-widget-text-editor.elementor-drop-cap-view-stacked .elementor-drop-cap{background-color:var( --e-global-color-primary );}.elementor-widget-text-editor.elementor-drop-cap-view-framed .elementor-drop-cap, .elementor-widget-text-editor.elementor-drop-cap-view-default .elementor-drop-cap{color:var( --e-global-color-primary );border-color:var( --e-global-color-primary );}<\/style>\t\t<div data-elementor-type=\"wp-post\" data-elementor-id=\"1337\" class=\"elementor elementor-1337\" data-elementor-post-type=\"post\">\n\t\t\t\t<div class=\"elementor-element elementor-element-9ee2da5 e-flex e-con-boxed e-con e-parent\" data-id=\"9ee2da5\" data-element_type=\"container\" data-e-type=\"container\">\n\t\t\t\t\t<div class=\"e-con-inner\">\n\t\t\t\t<div class=\"elementor-element elementor-element-fb7ec9d elementor-widget elementor-widget-text-editor\" data-id=\"fb7ec9d\" data-element_type=\"widget\" data-e-type=\"widget\" data-widget_type=\"text-editor.default\">\n\t\t\t\t<div class=\"elementor-widget-container\">\n\t\t\t\t\t\t\t\t\t<p><strong>Selecci\u00f3n de tipo de inspecci\u00f3n<\/strong><\/p><ul style=\"font-size: 16px; background-color: #ffffff;\"><li style=\"font-size: 16px;\">El tipo de inspecci\u00f3n condiciona la visualizaci\u00f3n de diferentes campos como por ejemplo, el tipo \u00abRetirada sin presencia del propietario\u00bb solo permite la entrada de la identificaci\u00f3n de la gr\u00faa mientras los campos Nombre, Apellidos, Correo y Tel\u00e9fono ya no aparecen<\/li><li style=\"font-size: 16px;\">4 tipos de inspecci\u00f3n est\u00e1n seleccionables desde el \u00e1rea de Par\u00e1metros<\/li><li style=\"font-size: 16px;\">Una vez determinados los tipos de inspecci\u00f3n disponibles, un selector en la creaci\u00f3n de una inspecci\u00f3n inicial permite el cambio.<\/li><\/ul><div>\u00a0<\/div>\t\t\t\t\t\t\t\t<\/div>\n\t\t\t\t<\/div>\n\t\t\t\t\t<\/div>\n\t\t\t\t<\/div>\n\t\t\t\t<\/div>\n\t\t<\/div>\t\t<\/div>\n\t\t\t\t<\/article>\n\t\t\t\t<article class=\"elementor-post elementor-grid-item post-1096 post type-post status-publish format-standard hentry category-actualizacion\" role=\"listitem\">\n\t\t\t\t<div class=\"elementor-post__text\">\n\t\t\t\t<h3 class=\"elementor-post__title\">\n\t\t\t<a href=\"https:\/\/ivv.autos\/es\/actualizacion-26-12-2023\/\" >\n\t\t\t\tActualizaci\u00f3n 26\/12\/2023\t\t\t<\/a>\n\t\t<\/h3>\n\t\t<div class=\"elementor-post__content\"><style>.elementor-1096 .elementor-element.elementor-element-ef49c60{--display:flex;}.elementor-widget-text-editor{font-family:var( --e-global-typography-text-font-family ), Sans-serif;font-weight:var( --e-global-typography-text-font-weight );color:var( --e-global-color-text );}.elementor-widget-text-editor.elementor-drop-cap-view-stacked .elementor-drop-cap{background-color:var( --e-global-color-primary );}.elementor-widget-text-editor.elementor-drop-cap-view-framed .elementor-drop-cap, .elementor-widget-text-editor.elementor-drop-cap-view-default .elementor-drop-cap{color:var( --e-global-color-primary );border-color:var( --e-global-color-primary );}<\/style>\t\t<div data-elementor-type=\"wp-post\" data-elementor-id=\"1096\" class=\"elementor elementor-1096\" data-elementor-post-type=\"post\">\n\t\t\t\t<div class=\"elementor-element elementor-element-ef49c60 e-flex e-con-boxed e-con e-parent\" data-id=\"ef49c60\" data-element_type=\"container\" data-e-type=\"container\">\n\t\t\t\t\t<div class=\"e-con-inner\">\n\t\t\t\t<div class=\"elementor-element elementor-element-f8c9beb elementor-widget elementor-widget-text-editor\" data-id=\"f8c9beb\" data-element_type=\"widget\" data-e-type=\"widget\" data-widget_type=\"text-editor.default\">\n\t\t\t\t<div class=\"elementor-widget-container\">\n\t\t\t\t\t\t\t\t\t<strong>Abrimos a varios pa\u00edses y varias zonas horarias. Te ayudamos a no perder tiempo.\nLa nueva versi\u00f3n incluye:<\/strong>\n<ul>\n \t<li>Selecci\u00f3n del pa\u00eds de la empresa y de cada ubicaci\u00f3n.<\/li>\n \t<li>Selecci\u00f3n de la zona horaria de la empresa y de cada ubicaci\u00f3n.<\/li>\n \t<li>Activaci\u00f3n de una alerta en caso de un saldo de inspecci\u00f3n igual al 10% de la \u00faltima compra y otra en caso de un saldo igual al 5% de la \u00faltima compra.<\/li>\n<\/ul>\t\t\t\t\t\t\t\t<\/div>\n\t\t\t\t<\/div>\n\t\t\t\t\t<\/div>\n\t\t\t\t<\/div>\n\t\t\t\t<\/div>\n\t\t<\/div>\t\t<\/div>\n\t\t\t\t<\/article>\n\t\t\t\t<article class=\"elementor-post elementor-grid-item post-1079 post type-post status-publish format-standard hentry category-actualizacion\" role=\"listitem\">\n\t\t\t\t<div class=\"elementor-post__text\">\n\t\t\t\t<h3 class=\"elementor-post__title\">\n\t\t\t<a href=\"https:\/\/ivv.autos\/es\/actualizacion-22-12-2023\/\" >\n\t\t\t\tActualizaci\u00f3n 22\/12\/2023\t\t\t<\/a>\n\t\t<\/h3>\n\t\t<div class=\"elementor-post__content\"><style>.elementor-1079 .elementor-element.elementor-element-542a102{--display:flex;}.elementor-widget-text-editor{font-family:var( --e-global-typography-text-font-family ), Sans-serif;font-weight:var( --e-global-typography-text-font-weight );color:var( --e-global-color-text );}.elementor-widget-text-editor.elementor-drop-cap-view-stacked .elementor-drop-cap{background-color:var( --e-global-color-primary );}.elementor-widget-text-editor.elementor-drop-cap-view-framed .elementor-drop-cap, .elementor-widget-text-editor.elementor-drop-cap-view-default .elementor-drop-cap{color:var( --e-global-color-primary );border-color:var( --e-global-color-primary );}<\/style>\t\t<div data-elementor-type=\"wp-post\" data-elementor-id=\"1079\" class=\"elementor elementor-1079\" data-elementor-post-type=\"post\">\n\t\t\t\t<div class=\"elementor-element elementor-element-542a102 e-flex e-con-boxed e-con e-parent\" data-id=\"542a102\" data-element_type=\"container\" data-e-type=\"container\">\n\t\t\t\t\t<div class=\"e-con-inner\">\n\t\t\t\t<div class=\"elementor-element elementor-element-2a50c5d elementor-widget elementor-widget-text-editor\" data-id=\"2a50c5d\" data-element_type=\"widget\" data-e-type=\"widget\" data-widget_type=\"text-editor.default\">\n\t\t\t\t<div class=\"elementor-widget-container\">\n\t\t\t\t\t\t\t\t\t<p><strong>Esta nueva actualizaci\u00f3n\u00a0 mejora las comunicaciones y hace a\u00fan m\u00e1s f\u00e1cil el uso de IVV.<br \/>Incluye las siguientes mejoras:<\/strong><\/p><ul><li>Integraci\u00f3n, para Europa, del env\u00edo de SMS con la API de SMS de FOXCHIP (<a href=\"https:\/\/pro.foxchip.com\/\">https:\/\/pro.foxchip.com\/<\/a>).<\/li><li>Opci\u00f3n de a\u00f1adir comentarios con fotos a una inspecci\u00f3n y posibilidad de enviar el enlace de visualizaci\u00f3n por SMS.<\/li><li>Selecci\u00f3n de la resoluci\u00f3n de la foto. Esto permite reducir el peso de las im\u00e1genes cuando, por ejemplo, se dispone de una conexi\u00f3n lenta.<\/li><li>Posibilidad de desactivar la inspecci\u00f3n final en la configuraci\u00f3n.<\/li><li>Bot\u00f3n de cancelaci\u00f3n de inspecci\u00f3n final.<\/li><li>APP instalable desde la pantalla de Conexi\u00f3n<\/li><\/ul>\t\t\t\t\t\t\t\t<\/div>\n\t\t\t\t<\/div>\n\t\t\t\t\t<\/div>\n\t\t\t\t<\/div>\n\t\t\t\t<\/div>\n\t\t<\/div>\t\t<\/div>\n\t\t\t\t<\/article>\n\t\t\t\t<\/div>\n\t\t\n\t\t\t\t\t\t<\/div>\n\t\t\t\t<\/div>\n\t\t\t\t\t<\/div>\n\t\t\t\t<\/div>\n\t\t\t\t<\/div>\n\t\t","protected":false},"excerpt":{"rendered":"","protected":false},"author":2,"featured_media":0,"parent":0,"menu_order":0,"comment_status":"closed","ping_status":"closed","template":"","meta":{"footnotes":""},"class_list":["post-1070","page","type-page","status-publish","hentry"],"_links":{"self":[{"href":"https:\/\/ivv.autos\/es\/wp-json\/wp\/v2\/pages\/1070","targetHints":{"allow":["GET"]}}],"collection":[{"href":"https:\/\/ivv.autos\/es\/wp-json\/wp\/v2\/pages"}],"about":[{"href":"https:\/\/ivv.autos\/es\/wp-json\/wp\/v2\/types\/page"}],"author":[{"embeddable":true,"href":"https:\/\/ivv.autos\/es\/wp-json\/wp\/v2\/users\/2"}],"replies":[{"embeddable":true,"href":"https:\/\/ivv.autos\/es\/wp-json\/wp\/v2\/comments?post=1070"}],"version-history":[{"count":19,"href":"https:\/\/ivv.autos\/es\/wp-json\/wp\/v2\/pages\/1070\/revisions"}],"predecessor-version":[{"id":1407,"href":"https:\/\/ivv.autos\/es\/wp-json\/wp\/v2\/pages\/1070\/revisions\/1407"}],"wp:attachment":[{"href":"https:\/\/ivv.autos\/es\/wp-json\/wp\/v2\/media?parent=1070"}],"curies":[{"name":"wp","href":"https:\/\/api.w.org\/{rel}","templated":true}]}}